{"id":120,"date":"2017-09-18T09:50:16","date_gmt":"2017-09-18T09:50:16","guid":{"rendered":"http:\/\/www.kindergarten-kindertraum.de\/?page_id=120"},"modified":"2019-11-19T10:55:01","modified_gmt":"2019-11-19T09:55:01","slug":"unsere-gruppen-2","status":"publish","type":"page","link":"https:\/\/kindergarten-kindertraum.de\/?page_id=120","title":{"rendered":"Unsere Gruppen"},"content":{"rendered":"<p>In unserer Einrichtung gibt es 4 Gruppen f\u00fcr insgesamt 70 Kinder.<\/p>\n<ol>\n<li>Kr\u00fcmelmonster = Regelgruppe f\u00fcr 25 Kinder im Alter von 3-6 Jahren<\/li>\n<li>Tigerenten\u00a0 \u00a0 \u00a0 \u00a0 \u00a0= Regelgruppe f\u00fcr 25 Kinder im Alter von 3-6 Jahren<\/li>\n<li>Gl\u00fchw\u00fcrmchen\u00a0 = U3-Gruppe f\u00fcr 10 Kinder im Alter von 4 Monaten bis 3 Jahren<\/li>\n<li>Krabbelk\u00e4fer\u00a0 \u00a0 \u00a0 = U3-Gruppe f\u00fcr 10 Kinder im Alter von 4 Monaten bis 3 Jahren<\/li>\n<\/ol>\n<p>N\u00e4heres zu unseren Gruppen finden Sie im jeweiligen Gruppenbereich.<\/p>\n","protected":false},"excerpt":{"rendered":"<p>In unserer Einrichtung gibt es 4 Gruppen f\u00fcr insgesamt 70 Kinder. Kr\u00fcmelmonster = Regelgruppe f\u00fcr 25 Kinder im Alter von 3-6 Jahren Tigerenten\u00a0 \u00a0 \u00a0 \u00a0 \u00a0= Regelgruppe f\u00fcr 25 Kinder im Alter von 3-6 [&hellip;]<\/p>\n","protected":false},"author":1,"featured_media":0,"parent":0,"menu_order":0,"comment_status":"closed","ping_status":"closed","template":"","meta":{"footnotes":""},"class_list":["post-120","page","type-page","status-publish","hentry"],"jetpack_sharing_enabled":true,"_links":{"self":[{"href":"https:\/\/kindergarten-kindertraum.de\/index.php?rest_route=\/wp\/v2\/pages\/120","targetHints":{"allow":["GET"]}}],"collection":[{"href":"https:\/\/kindergarten-kindertraum.de\/index.php?rest_route=\/wp\/v2\/pages"}],"about":[{"href":"https:\/\/kindergarten-kindertraum.de\/index.php?rest_route=\/wp\/v2\/types\/page"}],"author":[{"embeddable":true,"href":"https:\/\/kindergarten-kindertraum.de\/index.php?rest_route=\/wp\/v2\/users\/1"}],"replies":[{"embeddable":true,"href":"https:\/\/kindergarten-kindertraum.de\/index.php?rest_route=%2Fwp%2Fv2%2Fcomments&post=120"}],"version-history":[{"count":4,"href":"https:\/\/kindergarten-kindertraum.de\/index.php?rest_route=\/wp\/v2\/pages\/120\/revisions"}],"predecessor-version":[{"id":503,"href":"https:\/\/kindergarten-kindertraum.de\/index.php?rest_route=\/wp\/v2\/pages\/120\/revisions\/503"}],"wp:attachment":[{"href":"https:\/\/kindergarten-kindertraum.de\/index.php?rest_route=%2Fwp%2Fv2%2Fmedia&parent=120"}],"curies":[{"name":"wp","href":"https:\/\/api.w.org\/{rel}","templated":true}]}}