{"id":135,"date":"2017-09-18T09:58:35","date_gmt":"2017-09-18T09:58:35","guid":{"rendered":"http:\/\/www.kindergarten-kindertraum.de\/?page_id=135"},"modified":"2017-09-18T10:00:26","modified_gmt":"2017-09-18T10:00:26","slug":"hilfe-und-beratung","status":"publish","type":"page","link":"https:\/\/kindergarten-kindertraum.de\/?page_id=135","title":{"rendered":"Hilfe und Beratung"},"content":{"rendered":"<p><strong>Unser Angebot &#8230;<\/strong><\/p>\n<p>In unserem Familienzentrum gibt es folgende offene Sprechstunden, die jedem interessiertem B\u00fcrger kostenlos zu Verf\u00fcgung stehen. Um besser planen zu k\u00f6nnen, bitten wir Sie, im Vorfeld, mit uns einen Termin zu vereinbaren, den wir dann an die jeweilige Beratungsstelle weiterleiten (Tel. 02351\/679678). Die Beratung findet ungest\u00f6rt in einem vertraulichen, unverbindlichen Gespr\u00e4ch statt.<\/p>\n<p><strong>Au\u00dfensprechstunde des Sozialdienstes des Jugendamtes:<\/strong><\/p>\n<p>Frau Edelhoff vom Allgemeinen Sozialen Dienst bietet Beratung und Hilfen bei Fragen und Problemen, die Sie als Familien, Alleinerziehende, Eltern, Kinder, Jugendliche, junge Erwachsene oder alte Menschen betreffen. Dazu geh\u00f6rt die Information \u00fcber gesetzliche M\u00f6glichkeiten, Beratungsstellen usw., Beratung und Unterst\u00fctzung bei Konflikten in der Familie, Vermittlung ambulanter und station\u00e4rer Hilfen, sowie Schutzma\u00dfnahmen f\u00fcr Kinder und Jugendliche bei Gewalt, Gef\u00e4hrdung oder Unterversorgung. Es ist unbedingt erforderlich, einen Termin im Vorfeld im Familienzentrum zu vereinbaren, da die Termine entsprechend der Zust\u00e4ndigkeit der beiden Mitarbeiterinnen des Jugendamtes koordiniert werden m\u00fcssen.<\/p>\n<p><strong>Beratungsstelle f\u00fcr Familie und Schulpsychologie:<\/strong><\/p>\n<p>Frau Ackfeld ber\u00e4t bei Problemen bei der Erziehung von Kindern und Jugendlichen sowie bei Schulproblemen. Au\u00dferdem hilft sie bei Konflikten nach Trennungen von Eltern.<\/p>\n","protected":false},"excerpt":{"rendered":"<p>Unser Angebot &#8230; In unserem Familienzentrum gibt es folgende offene Sprechstunden, die jedem interessiertem B\u00fcrger kostenlos zu Verf\u00fcgung stehen. Um besser planen zu k\u00f6nnen, bitten wir Sie, im Vorfeld, mit uns einen Termin zu vereinbaren, [&hellip;]<\/p>\n","protected":false},"author":1,"featured_media":0,"parent":117,"menu_order":0,"comment_status":"closed","ping_status":"closed","template":"","meta":{"footnotes":""},"class_list":["post-135","page","type-page","status-publish","hentry"],"jetpack_sharing_enabled":true,"_links":{"self":[{"href":"https:\/\/kindergarten-kindertraum.de\/index.php?rest_route=\/wp\/v2\/pages\/135","targetHints":{"allow":["GET"]}}],"collection":[{"href":"https:\/\/kindergarten-kindertraum.de\/index.php?rest_route=\/wp\/v2\/pages"}],"about":[{"href":"https:\/\/kindergarten-kindertraum.de\/index.php?rest_route=\/wp\/v2\/types\/page"}],"author":[{"embeddable":true,"href":"https:\/\/kindergarten-kindertraum.de\/index.php?rest_route=\/wp\/v2\/users\/1"}],"replies":[{"embeddable":true,"href":"https:\/\/kindergarten-kindertraum.de\/index.php?rest_route=%2Fwp%2Fv2%2Fcomments&post=135"}],"version-history":[{"count":3,"href":"https:\/\/kindergarten-kindertraum.de\/index.php?rest_route=\/wp\/v2\/pages\/135\/revisions"}],"predecessor-version":[{"id":137,"href":"https:\/\/kindergarten-kindertraum.de\/index.php?rest_route=\/wp\/v2\/pages\/135\/revisions\/137"}],"up":[{"embeddable":true,"href":"https:\/\/kindergarten-kindertraum.de\/index.php?rest_route=\/wp\/v2\/pages\/117"}],"wp:attachment":[{"href":"https:\/\/kindergarten-kindertraum.de\/index.php?rest_route=%2Fwp%2Fv2%2Fmedia&parent=135"}],"curies":[{"name":"wp","href":"https:\/\/api.w.org\/{rel}","templated":true}]}}