{"id":139,"date":"2017-09-18T10:03:54","date_gmt":"2017-09-18T10:03:54","guid":{"rendered":"http:\/\/www.kindergarten-kindertraum.de\/?page_id=139"},"modified":"2019-12-06T10:14:23","modified_gmt":"2019-12-06T09:14:23","slug":"der-traeger-2","status":"publish","type":"page","link":"https:\/\/kindergarten-kindertraum.de\/?page_id=139","title":{"rendered":"Der Tr\u00e4ger"},"content":{"rendered":"<div id=\"main\">\n<div id=\"cont\" class=\"clearfix side-both\">\n<div id=\"main-bg\">\n<div id=\"container\">\n<div class=\"panelbody\">\n<p>Unter der Tr\u00e4gerschaft der Elterninitiative &#8222;Kindertraum e.V.&#8220; wurde im Dezember 1989 ein eingruppiger Kindergarten gegr\u00fcndet. Im November 2002 sind wir zum Vogelberg gezogen und wurden zweigruppig (2 Regelgruppen mit 25 Kindern). Im August 2009 er\u00f6ffneten wir unsere erste U3 Gruppe (10 Kinder von 4 Monaten bis 3 Jahren). Im M\u00e4rz 2018 konnten wir durch die Erweiterung des Kindergartens eine zweite U3 Gruppe schaffen.<\/p>\n<p>Unsere Elterninitiative beinhaltet von Beginn an eine enge Zusammenarbeit von Eltern und p\u00e4dagogischen Personal. Durch den Gedanken &#8222;eine St\u00e4tte f\u00fcr Familien&#8220; zu sein, unterst\u00fctzen sich Eltern gegenseitig und ein Miteinander wird sehr gro\u00df geschrieben in der Zusammenarbeit mit dem p\u00e4dagogischen Team.<\/p>\n<p>Jedes Jahr im Februar w\u00e4hlt die Elternversammlung 3-5 Mitglieder als Vorstand.<\/p>\n<p>Dieser ist unter anderem zust\u00e4ndig f\u00fcr die Bereiche Personal, Aufnahme der Kinder, \u00d6ffentlichkeitsarbeit, Finanzen, Anschaffungen, Nachweise f\u00fcr Beh\u00f6rden, Teilnahme an \u00f6ffentlichen Terminen. Koordination aller Aufgaben in Zusammenarbeit mit der Leitung.<\/p>\n<p>Ebenso wird auf der Elternversammlung der Elternrat gew\u00e4hlt. Dieser ist u.a. f\u00fcr die Organisation von Festen und Veranstaltungen, wie z. B. Basare, Waffelst\u00e4nde, etc. zust\u00e4ndig. Hat aber auch ein Mitspracherecht bei der Aufnahme von Kindern und in Personalangelegenheiten. Er besteht i. d. R. aus 2 Elternvertretern pro Gruppe.<\/p>\n<\/div>\n<\/div>\n<\/div>\n<\/div>\n<\/div>\n","protected":false},"excerpt":{"rendered":"<p>Unter der Tr\u00e4gerschaft der Elterninitiative &#8222;Kindertraum e.V.&#8220; wurde im Dezember 1989 ein eingruppiger Kindergarten gegr\u00fcndet. Im November 2002 sind wir zum Vogelberg gezogen und wurden zweigruppig (2 Regelgruppen mit 25 Kindern). Im August 2009 er\u00f6ffneten [&hellip;]<\/p>\n","protected":false},"author":1,"featured_media":222,"parent":117,"menu_order":0,"comment_status":"closed","ping_status":"closed","template":"","meta":{"footnotes":""},"class_list":["post-139","page","type-page","status-publish","has-post-thumbnail","hentry"],"jetpack_sharing_enabled":true,"_links":{"self":[{"href":"https:\/\/kindergarten-kindertraum.de\/index.php?rest_route=\/wp\/v2\/pages\/139","targetHints":{"allow":["GET"]}}],"collection":[{"href":"https:\/\/kindergarten-kindertraum.de\/index.php?rest_route=\/wp\/v2\/pages"}],"about":[{"href":"https:\/\/kindergarten-kindertraum.de\/index.php?rest_route=\/wp\/v2\/types\/page"}],"author":[{"embeddable":true,"href":"https:\/\/kindergarten-kindertraum.de\/index.php?rest_route=\/wp\/v2\/users\/1"}],"replies":[{"embeddable":true,"href":"https:\/\/kindergarten-kindertraum.de\/index.php?rest_route=%2Fwp%2Fv2%2Fcomments&post=139"}],"version-history":[{"count":8,"href":"https:\/\/kindergarten-kindertraum.de\/index.php?rest_route=\/wp\/v2\/pages\/139\/revisions"}],"predecessor-version":[{"id":539,"href":"https:\/\/kindergarten-kindertraum.de\/index.php?rest_route=\/wp\/v2\/pages\/139\/revisions\/539"}],"up":[{"embeddable":true,"href":"https:\/\/kindergarten-kindertraum.de\/index.php?rest_route=\/wp\/v2\/pages\/117"}],"wp:featuredmedia":[{"embeddable":true,"href":"https:\/\/kindergarten-kindertraum.de\/index.php?rest_route=\/wp\/v2\/media\/222"}],"wp:attachment":[{"href":"https:\/\/kindergarten-kindertraum.de\/index.php?rest_route=%2Fwp%2Fv2%2Fmedia&parent=139"}],"curies":[{"name":"wp","href":"https:\/\/api.w.org\/{rel}","templated":true}]}}