{"id":159,"date":"2019-04-22T18:12:34","date_gmt":"2019-04-22T16:12:34","guid":{"rendered":"http:\/\/www.kindergarten-kindertraum.de\/?page_id=159"},"modified":"2019-12-06T10:43:27","modified_gmt":"2019-12-06T09:43:27","slug":"kooperationspartner","status":"publish","type":"page","link":"https:\/\/kindergarten-kindertraum.de\/?page_id=159","title":{"rendered":"Kooperationspartner"},"content":{"rendered":"<p>Nur durch die Unterst\u00fctzung unserer Kooperationspartner ist uns unsere Arbeit \u00fcberhaupt m\u00f6glich.<\/p>\n<p><a href=\"https:\/\/kindergarten-kindertraum.de\/wp-content\/uploads\/2019\/12\/FlyerKooperationspartner.doc\">FlyerKooperationspartner<\/a><\/p>\n<p>&nbsp;<\/p>\n","protected":false},"excerpt":{"rendered":"<p>Nur durch die Unterst\u00fctzung unserer Kooperationspartner ist uns unsere Arbeit \u00fcberhaupt m\u00f6glich. FlyerKooperationspartner &nbsp;<\/p>\n","protected":false},"author":5,"featured_media":0,"parent":117,"menu_order":0,"comment_status":"closed","ping_status":"closed","template":"","meta":{"footnotes":""},"class_list":["post-159","page","type-page","status-publish","hentry"],"jetpack_sharing_enabled":true,"_links":{"self":[{"href":"https:\/\/kindergarten-kindertraum.de\/index.php?rest_route=\/wp\/v2\/pages\/159","targetHints":{"allow":["GET"]}}],"collection":[{"href":"https:\/\/kindergarten-kindertraum.de\/index.php?rest_route=\/wp\/v2\/pages"}],"about":[{"href":"https:\/\/kindergarten-kindertraum.de\/index.php?rest_route=\/wp\/v2\/types\/page"}],"author":[{"embeddable":true,"href":"https:\/\/kindergarten-kindertraum.de\/index.php?rest_route=\/wp\/v2\/users\/5"}],"replies":[{"embeddable":true,"href":"https:\/\/kindergarten-kindertraum.de\/index.php?rest_route=%2Fwp%2Fv2%2Fcomments&post=159"}],"version-history":[{"count":14,"href":"https:\/\/kindergarten-kindertraum.de\/index.php?rest_route=\/wp\/v2\/pages\/159\/revisions"}],"predecessor-version":[{"id":548,"href":"https:\/\/kindergarten-kindertraum.de\/index.php?rest_route=\/wp\/v2\/pages\/159\/revisions\/548"}],"up":[{"embeddable":true,"href":"https:\/\/kindergarten-kindertraum.de\/index.php?rest_route=\/wp\/v2\/pages\/117"}],"wp:attachment":[{"href":"https:\/\/kindergarten-kindertraum.de\/index.php?rest_route=%2Fwp%2Fv2%2Fmedia&parent=159"}],"curies":[{"name":"wp","href":"https:\/\/api.w.org\/{rel}","templated":true}]}}