{"id":175,"date":"2017-09-18T13:47:04","date_gmt":"2017-09-18T13:47:04","guid":{"rendered":"http:\/\/www.kindergarten-kindertraum.de\/?page_id=175"},"modified":"2017-09-19T10:36:15","modified_gmt":"2017-09-19T10:36:15","slug":"oeffnungszeiten","status":"publish","type":"page","link":"https:\/\/kindergarten-kindertraum.de\/?page_id=175","title":{"rendered":"\u00d6ffnungszeiten"},"content":{"rendered":"<p>Wir bieten die 35- und 45-Stunden-Woche an. Bei der 35-Stunden-Woche haben die Eltern die M\u00f6glichkeit ihr Kind von 07:00 Uhr &#8211; 12:00 Uhr und von 14:00-16:00 Uhr betreuen zu lassen, alternativ von 07:00-14:00 Uhr.<\/p>\n<table border=\"0\" width=\"358\">\n<tbody>\n<tr>\n<td>Montag &#8211; Donnerstag<\/td>\n<td>7:00 Uhr &#8211; 16:30 Uhr<\/td>\n<\/tr>\n<tr>\n<td>Freitag<\/td>\n<td>7:00 Uhr &#8211; 15:30 Uhr<\/td>\n<\/tr>\n<\/tbody>\n<\/table>\n<p>Unsere Einrichtung ist ganzj\u00e4hrig ge\u00f6ffnet, wir schlie\u00dfen nur zwischen Weihnachten und Neujahr, zu Br\u00fcckentagen, Putztagen und f\u00fcr einen Konzeptionstag.<\/p>\n","protected":false},"excerpt":{"rendered":"<p>Wir bieten die 35- und 45-Stunden-Woche an. Bei der 35-Stunden-Woche haben die Eltern die M\u00f6glichkeit ihr Kind von 07:00 Uhr &#8211; 12:00 Uhr und von 14:00-16:00 Uhr betreuen zu lassen, alternativ von 07:00-14:00 Uhr. Montag [&hellip;]<\/p>\n","protected":false},"author":1,"featured_media":112,"parent":118,"menu_order":0,"comment_status":"closed","ping_status":"closed","template":"","meta":{"footnotes":""},"class_list":["post-175","page","type-page","status-publish","has-post-thumbnail","hentry"],"jetpack_sharing_enabled":true,"_links":{"self":[{"href":"https:\/\/kindergarten-kindertraum.de\/index.php?rest_route=\/wp\/v2\/pages\/175","targetHints":{"allow":["GET"]}}],"collection":[{"href":"https:\/\/kindergarten-kindertraum.de\/index.php?rest_route=\/wp\/v2\/pages"}],"about":[{"href":"https:\/\/kindergarten-kindertraum.de\/index.php?rest_route=\/wp\/v2\/types\/page"}],"author":[{"embeddable":true,"href":"https:\/\/kindergarten-kindertraum.de\/index.php?rest_route=\/wp\/v2\/users\/1"}],"replies":[{"embeddable":true,"href":"https:\/\/kindergarten-kindertraum.de\/index.php?rest_route=%2Fwp%2Fv2%2Fcomments&post=175"}],"version-history":[{"count":1,"href":"https:\/\/kindergarten-kindertraum.de\/index.php?rest_route=\/wp\/v2\/pages\/175\/revisions"}],"predecessor-version":[{"id":176,"href":"https:\/\/kindergarten-kindertraum.de\/index.php?rest_route=\/wp\/v2\/pages\/175\/revisions\/176"}],"up":[{"embeddable":true,"href":"https:\/\/kindergarten-kindertraum.de\/index.php?rest_route=\/wp\/v2\/pages\/118"}],"wp:featuredmedia":[{"embeddable":true,"href":"https:\/\/kindergarten-kindertraum.de\/index.php?rest_route=\/wp\/v2\/media\/112"}],"wp:attachment":[{"href":"https:\/\/kindergarten-kindertraum.de\/index.php?rest_route=%2Fwp%2Fv2%2Fmedia&parent=175"}],"curies":[{"name":"wp","href":"https:\/\/api.w.org\/{rel}","templated":true}]}}