{"id":279,"date":"2017-11-27T10:14:42","date_gmt":"2017-11-27T09:14:42","guid":{"rendered":"http:\/\/www.kindergarten-kindertraum.de\/?page_id=279"},"modified":"2026-02-13T13:26:14","modified_gmt":"2026-02-13T12:26:14","slug":"anmeldung","status":"publish","type":"page","link":"https:\/\/kindergarten-kindertraum.de\/?page_id=279","title":{"rendered":"Anmeldung"},"content":{"rendered":"<p>Bitte laden Sie sich das <a href=\"https:\/\/kindergarten-kindertraum.de\/wp-content\/uploads\/2017\/11\/Anmeldung.pdf\">PDF Formular<\/a> f\u00fcr die Anmeldung herunter und bringen es ausgef\u00fcllt mit zum vereinbarten Anmeldetermin!<\/p>\n<p>Um sich in unserer Einrichtung anzumelden, ist es zwingend erforderlich, dies \u00fcber das <a href=\"https:\/\/luedenscheid.meinkitaplatz.de\/app\/de\/account\/login?returnurl=%2Fde%2Fbedarfsmeldung%2Fstartprozess\">Kitaplatz Portal der Stadt L\u00fcdenscheid<\/a> zu tun.<\/p>\n","protected":false},"excerpt":{"rendered":"<p>Bitte laden Sie sich das PDF Formular f\u00fcr die Anmeldung herunter und bringen es ausgef\u00fcllt mit zum vereinbarten Anmeldetermin! Um sich in unserer Einrichtung anzumelden, ist es zwingend erforderlich, dies \u00fcber das Kitaplatz Portal der [&hellip;]<\/p>\n","protected":false},"author":3,"featured_media":0,"parent":118,"menu_order":0,"comment_status":"closed","ping_status":"closed","template":"","meta":{"footnotes":""},"class_list":["post-279","page","type-page","status-publish","hentry"],"jetpack_sharing_enabled":true,"_links":{"self":[{"href":"https:\/\/kindergarten-kindertraum.de\/index.php?rest_route=\/wp\/v2\/pages\/279","targetHints":{"allow":["GET"]}}],"collection":[{"href":"https:\/\/kindergarten-kindertraum.de\/index.php?rest_route=\/wp\/v2\/pages"}],"about":[{"href":"https:\/\/kindergarten-kindertraum.de\/index.php?rest_route=\/wp\/v2\/types\/page"}],"author":[{"embeddable":true,"href":"https:\/\/kindergarten-kindertraum.de\/index.php?rest_route=\/wp\/v2\/users\/3"}],"replies":[{"embeddable":true,"href":"https:\/\/kindergarten-kindertraum.de\/index.php?rest_route=%2Fwp%2Fv2%2Fcomments&post=279"}],"version-history":[{"count":7,"href":"https:\/\/kindergarten-kindertraum.de\/index.php?rest_route=\/wp\/v2\/pages\/279\/revisions"}],"predecessor-version":[{"id":2900,"href":"https:\/\/kindergarten-kindertraum.de\/index.php?rest_route=\/wp\/v2\/pages\/279\/revisions\/2900"}],"up":[{"embeddable":true,"href":"https:\/\/kindergarten-kindertraum.de\/index.php?rest_route=\/wp\/v2\/pages\/118"}],"wp:attachment":[{"href":"https:\/\/kindergarten-kindertraum.de\/index.php?rest_route=%2Fwp%2Fv2%2Fmedia&parent=279"}],"curies":[{"name":"wp","href":"https:\/\/api.w.org\/{rel}","templated":true}]}}