{"id":30,"date":"2017-09-06T12:56:39","date_gmt":"2017-09-06T11:56:39","guid":{"rendered":"http:\/\/www.kindergarten-kindertraum.de\/?page_id=30"},"modified":"2022-09-08T14:54:42","modified_gmt":"2022-09-08T12:54:42","slug":"impressum","status":"publish","type":"page","link":"https:\/\/kindergarten-kindertraum.de\/?page_id=30","title":{"rendered":"Impressum"},"content":{"rendered":"<div class=\"textwidget\">\n<p><strong>Familienzentrum\u00a0Kindergarten Kindertraum e.V.<\/strong><br \/>\nWilhelm-Kattwinkel-Str. 7<br \/>\nD \u2013 58513 L\u00fcdenscheid<br \/>\nTelefon: 02351 679678<\/p>\n<p>Email: mail (-at-) kindergarten-kindertraum.de<\/p>\n<h2>Vertreten durch den Vorstand:<\/h2>\n<p>Bj\u00f6rn J\u00fcnemann (1. Vorsitzender)<br \/>\nHannah Hardegen<\/p>\n<p><strong>Registereintrag:<\/strong><\/p>\n<p>Eintragung im Vereinsregister. VR 20916<br \/>\nAmtsgericht Iserlohn<\/p>\n<p><strong>Verantwortlich f\u00fcr den Inhalt gem\u00e4\u00df \u00a7 5 Absatz 1 TMGH<\/strong><\/p>\n<p>Claudia Okon<br \/>\nNils Winkelmann<\/p>\n<p><strong>Seiten- und Domain- Eigent\u00fcmerin:<\/strong><\/p>\n<p>Familienzentrum Kindertraum e. V.<\/p>\n<p>Vertreten durch Claudia Okon<\/p>\n<p><strong>Fragen zur Internetseite richten Sie bitte an:<\/strong><br \/>\nwebadmin (-at-) \u00a0kindergarten-kindertraum.de<\/p>\n<\/div>\n","protected":false},"excerpt":{"rendered":"<p>Familienzentrum\u00a0Kindergarten Kindertraum e.V. Wilhelm-Kattwinkel-Str. 7 D \u2013 58513 L\u00fcdenscheid Telefon: 02351 679678 Email: mail (-at-) kindergarten-kindertraum.de Vertreten durch den Vorstand: Bj\u00f6rn J\u00fcnemann (1. Vorsitzender) Hannah Hardegen Registereintrag: Eintragung im Vereinsregister. VR 20916 Amtsgericht Iserlohn Verantwortlich [&hellip;]<\/p>\n","protected":false},"author":1,"featured_media":0,"parent":0,"menu_order":0,"comment_status":"closed","ping_status":"closed","template":"","meta":{"footnotes":""},"class_list":["post-30","page","type-page","status-publish","hentry"],"jetpack_sharing_enabled":true,"_links":{"self":[{"href":"https:\/\/kindergarten-kindertraum.de\/index.php?rest_route=\/wp\/v2\/pages\/30","targetHints":{"allow":["GET"]}}],"collection":[{"href":"https:\/\/kindergarten-kindertraum.de\/index.php?rest_route=\/wp\/v2\/pages"}],"about":[{"href":"https:\/\/kindergarten-kindertraum.de\/index.php?rest_route=\/wp\/v2\/types\/page"}],"author":[{"embeddable":true,"href":"https:\/\/kindergarten-kindertraum.de\/index.php?rest_route=\/wp\/v2\/users\/1"}],"replies":[{"embeddable":true,"href":"https:\/\/kindergarten-kindertraum.de\/index.php?rest_route=%2Fwp%2Fv2%2Fcomments&post=30"}],"version-history":[{"count":9,"href":"https:\/\/kindergarten-kindertraum.de\/index.php?rest_route=\/wp\/v2\/pages\/30\/revisions"}],"predecessor-version":[{"id":778,"href":"https:\/\/kindergarten-kindertraum.de\/index.php?rest_route=\/wp\/v2\/pages\/30\/revisions\/778"}],"wp:attachment":[{"href":"https:\/\/kindergarten-kindertraum.de\/index.php?rest_route=%2Fwp%2Fv2%2Fmedia&parent=30"}],"curies":[{"name":"wp","href":"https:\/\/api.w.org\/{rel}","templated":true}]}}